{"id":1556,"date":"2018-07-31T08:45:49","date_gmt":"2018-07-31T08:45:49","guid":{"rendered":"https:\/\/talleresrina.com\/our-company\/"},"modified":"2025-07-15T08:06:34","modified_gmt":"2025-07-15T08:06:34","slug":"our-company","status":"publish","type":"page","link":"https:\/\/talleresrina.com\/en\/our-company\/","title":{"rendered":"Our company"},"content":{"rendered":"<p>[vc_row fullwidth=&#8221;yes&#8221; parallax_bg=&#8221;true&#8221;][vc_column css=&#8221;.vc_custom_1659437448154{background-color: rgba(255,255,255,0.42) !important;*background-color: rgb(255,255,255) !important;}&#8221;][vc_empty_space height=&#8221;55px&#8221;]\n    <div class=\"wprt-headings style-1 clearfix text-center headingparallax\">\n        <h2 class=\"heading headingparallax\" style=color:#1e1e1e>Sobre nosotros<\/h2>\n                    <div class=\"sep clearfix\"><\/div>\n        \n                    <div class=\"sub-heading clearfix\"><p>Desde su creaci\u00f3n en el a\u00f1o 2000 y hasta el d\u00eda de hoy nos hemos especializados en ofrecer a nuestros clientes la mejor atenci\u00f3n posible en el \u00e1mbito de la <strong>maquinaria para la fabricaci\u00f3n de envases met\u00e1licos<\/strong>.<\/p>\n<\/div>\n            <\/div>\n        \n[vc_empty_space height=&#8221;55px&#8221;][\/vc_column][\/vc_row][vc_row css=&#8221;.vc_custom_1659437430791{padding-top: 80px !important;padding-bottom: 70px !important;background-color: #f9f9f9 !important;}&#8221;][vc_column][vc_empty_space height=&#8221;45px&#8221;]\n    <div class=\"wprt-headings style-1 clearfix text-center \">\n        <h2 class=\"heading \" >Rina<b> Soluciones Industriales <\/b><\/h2>\n                    <div class=\"sep clearfix\"><\/div>\n        \n            <\/div>\n        \n[vc_empty_space height=&#8221;45px&#8221;][vc_column_text]<\/p>\n<p style=\"text-align: center;\">Entre nuestros servicios destaca la <strong>reconstrucci\u00f3n de maquinaria obsoleta<\/strong>. Adecu\u00e1ndola a los sistemas productivos actuales y a nuevos formatos.<\/p>\n<p style=\"text-align: center;\">Tambi\u00e9n ofertamos <strong>mecanizaci\u00f3n de piezas y fabricaci\u00f3n de utillajes<\/strong>, y damos servicio de oficina t\u00e9cnica y mantenimiento de empresas.<\/p>\n<p style=\"text-align: center;\">Para ello contamos con un equipo de profesionales altamente cualificado que har\u00e1 lo posible por brindarle una atenci\u00f3n cercana y llevar a cabo su proyecto con la mayor eficacia.<\/p>\n<p>[\/vc_column_text][\/vc_column][\/vc_row]<\/p>\n","protected":false},"excerpt":{"rendered":"<p>[vc_row fullwidth=&#8221;yes&#8221; parallax_bg=&#8221;true&#8221;][vc_column css=&#8221;.vc_custom_1659437448154{background-color: rgba(255,255,255,0.42) !important;*background-color: rgb(255,255,255) !important;}&#8221;][vc_empty_space height=&#8221;55px&#8221;][vc_empty_space height=&#8221;55px&#8221;][\/vc_column][\/vc_row][vc_row css=&#8221;.vc_custom_1659437430791{padding-top: 80px !important;padding-bottom: 70px !important;background-color: #f9f9f9 !important;}&#8221;][vc_column][vc_empty_space height=&#8221;45px&#8221;][vc_empty_space height=&#8221;45px&#8221;][vc_column_text] Entre nuestros servicios destaca la reconstrucci\u00f3n de maquinaria obsoleta. Adecu\u00e1ndola a los sistemas productivos actuales y a nuevos formatos. Tambi\u00e9n ofertamos mecanizaci\u00f3n de piezas y fabricaci\u00f3n de utillajes, y damos servicio de oficina t\u00e9cnica y mantenimiento [&hellip;]<\/p>\n","protected":false},"author":5,"featured_media":0,"parent":0,"menu_order":0,"comment_status":"closed","ping_status":"closed","template":"page-templates\/template-fullwidth.php","meta":[],"yoast_head":"<!-- This site is optimized with the Yoast SEO plugin v19.4 - https:\/\/yoast.com\/wordpress\/plugins\/seo\/ -->\n<title>Our company | Rina Soluciones Industriales<\/title>\n<meta name=\"robots\" content=\"index, follow, max-snippet:-1, max-image-preview:large, max-video-preview:-1\" \/>\n<link rel=\"canonical\" href=\"https:\/\/talleresrina.com\/empresa\/\" \/>\n<meta property=\"og:locale\" content=\"en_US\" \/>\n<meta property=\"og:type\" content=\"article\" \/>\n<meta property=\"og:title\" content=\"Our company | Rina Soluciones Industriales\" \/>\n<meta property=\"og:description\" content=\"[vc_row fullwidth=&#8221;yes&#8221; parallax_bg=&#8221;true&#8221;][vc_column css=&#8221;.vc_custom_1659437448154{background-color: rgba(255,255,255,0.42) !important;*background-color: rgb(255,255,255) !important;}&#8221;][vc_empty_space height=&#8221;55px&#8221;][vc_empty_space height=&#8221;55px&#8221;][\/vc_column][\/vc_row][vc_row css=&#8221;.vc_custom_1659437430791{padding-top: 80px !important;padding-bottom: 70px !important;background-color: #f9f9f9 !important;}&#8221;][vc_column][vc_empty_space height=&#8221;45px&#8221;][vc_empty_space height=&#8221;45px&#8221;][vc_column_text] Entre nuestros servicios destaca la reconstrucci\u00f3n de maquinaria obsoleta. Adecu\u00e1ndola a los sistemas productivos actuales y a nuevos formatos. Tambi\u00e9n ofertamos mecanizaci\u00f3n de piezas y fabricaci\u00f3n de utillajes, y damos servicio de oficina t\u00e9cnica y mantenimiento [&hellip;]\" \/>\n<meta property=\"og:url\" content=\"https:\/\/talleresrina.com\/empresa\/\" \/>\n<meta property=\"og:site_name\" content=\"Rina Soluciones Industriales\" \/>\n<meta property=\"article:modified_time\" content=\"2025-07-15T08:06:34+00:00\" \/>\n<meta name=\"twitter:card\" content=\"summary_large_image\" \/>\n<meta name=\"twitter:label1\" content=\"Est. reading time\" \/>\n\t<meta name=\"twitter:data1\" content=\"1 minute\" \/>\n<script type=\"application\/ld+json\" class=\"yoast-schema-graph\">{\"@context\":\"https:\/\/schema.org\",\"@graph\":[{\"@type\":\"Organization\",\"@id\":\"https:\/\/talleresrina.com\/#organization\",\"name\":\"Talleres Rina\",\"url\":\"https:\/\/talleresrina.com\/\",\"sameAs\":[],\"logo\":{\"@type\":\"ImageObject\",\"inLanguage\":\"en-US\",\"@id\":\"https:\/\/talleresrina.com\/#\/schema\/logo\/image\/\",\"url\":\"https:\/\/talleresrina.com\/wp-content\/uploads\/2022\/07\/LOGO-BLANCO.png\",\"contentUrl\":\"https:\/\/talleresrina.com\/wp-content\/uploads\/2022\/07\/LOGO-BLANCO.png\",\"width\":9552,\"height\":2248,\"caption\":\"Talleres Rina\"},\"image\":{\"@id\":\"https:\/\/talleresrina.com\/#\/schema\/logo\/image\/\"}},{\"@type\":\"WebSite\",\"@id\":\"https:\/\/talleresrina.com\/#website\",\"url\":\"https:\/\/talleresrina.com\/\",\"name\":\"Rina Soluciones Industriales\",\"description\":\"Fabricaci\u00f3n, reparaci\u00f3n y mantenimiento de maquinaria industrial\",\"publisher\":{\"@id\":\"https:\/\/talleresrina.com\/#organization\"},\"potentialAction\":[{\"@type\":\"SearchAction\",\"target\":{\"@type\":\"EntryPoint\",\"urlTemplate\":\"https:\/\/talleresrina.com\/?s={search_term_string}\"},\"query-input\":\"required name=search_term_string\"}],\"inLanguage\":\"en-US\"},{\"@type\":\"WebPage\",\"@id\":\"https:\/\/talleresrina.com\/empresa\/\",\"url\":\"https:\/\/talleresrina.com\/empresa\/\",\"name\":\"Our company | Rina Soluciones Industriales\",\"isPartOf\":{\"@id\":\"https:\/\/talleresrina.com\/#website\"},\"datePublished\":\"2018-07-31T08:45:49+00:00\",\"dateModified\":\"2025-07-15T08:06:34+00:00\",\"breadcrumb\":{\"@id\":\"https:\/\/talleresrina.com\/empresa\/#breadcrumb\"},\"inLanguage\":\"en-US\",\"potentialAction\":[{\"@type\":\"ReadAction\",\"target\":[\"https:\/\/talleresrina.com\/empresa\/\"]}]},{\"@type\":\"BreadcrumbList\",\"@id\":\"https:\/\/talleresrina.com\/empresa\/#breadcrumb\",\"itemListElement\":[{\"@type\":\"ListItem\",\"position\":1,\"name\":\"Inicio\",\"item\":\"https:\/\/talleresrina.com\/en\/\"},{\"@type\":\"ListItem\",\"position\":2,\"name\":\"Our company\"}]}]}<\/script>\n<!-- \/ Yoast SEO plugin. -->","yoast_head_json":{"title":"Our company | Rina Soluciones Industriales","robots":{"index":"index","follow":"follow","max-snippet":"max-snippet:-1","max-image-preview":"max-image-preview:large","max-video-preview":"max-video-preview:-1"},"canonical":"https:\/\/talleresrina.com\/empresa\/","og_locale":"en_US","og_type":"article","og_title":"Our company | Rina Soluciones Industriales","og_description":"[vc_row fullwidth=&#8221;yes&#8221; parallax_bg=&#8221;true&#8221;][vc_column css=&#8221;.vc_custom_1659437448154{background-color: rgba(255,255,255,0.42) !important;*background-color: rgb(255,255,255) !important;}&#8221;][vc_empty_space height=&#8221;55px&#8221;][vc_empty_space height=&#8221;55px&#8221;][\/vc_column][\/vc_row][vc_row css=&#8221;.vc_custom_1659437430791{padding-top: 80px !important;padding-bottom: 70px !important;background-color: #f9f9f9 !important;}&#8221;][vc_column][vc_empty_space height=&#8221;45px&#8221;][vc_empty_space height=&#8221;45px&#8221;][vc_column_text] Entre nuestros servicios destaca la reconstrucci\u00f3n de maquinaria obsoleta. Adecu\u00e1ndola a los sistemas productivos actuales y a nuevos formatos. Tambi\u00e9n ofertamos mecanizaci\u00f3n de piezas y fabricaci\u00f3n de utillajes, y damos servicio de oficina t\u00e9cnica y mantenimiento [&hellip;]","og_url":"https:\/\/talleresrina.com\/empresa\/","og_site_name":"Rina Soluciones Industriales","article_modified_time":"2025-07-15T08:06:34+00:00","twitter_card":"summary_large_image","twitter_misc":{"Est. reading time":"1 minute"},"schema":{"@context":"https:\/\/schema.org","@graph":[{"@type":"Organization","@id":"https:\/\/talleresrina.com\/#organization","name":"Talleres Rina","url":"https:\/\/talleresrina.com\/","sameAs":[],"logo":{"@type":"ImageObject","inLanguage":"en-US","@id":"https:\/\/talleresrina.com\/#\/schema\/logo\/image\/","url":"https:\/\/talleresrina.com\/wp-content\/uploads\/2022\/07\/LOGO-BLANCO.png","contentUrl":"https:\/\/talleresrina.com\/wp-content\/uploads\/2022\/07\/LOGO-BLANCO.png","width":9552,"height":2248,"caption":"Talleres Rina"},"image":{"@id":"https:\/\/talleresrina.com\/#\/schema\/logo\/image\/"}},{"@type":"WebSite","@id":"https:\/\/talleresrina.com\/#website","url":"https:\/\/talleresrina.com\/","name":"Rina Soluciones Industriales","description":"Fabricaci\u00f3n, reparaci\u00f3n y mantenimiento de maquinaria industrial","publisher":{"@id":"https:\/\/talleresrina.com\/#organization"},"potentialAction":[{"@type":"SearchAction","target":{"@type":"EntryPoint","urlTemplate":"https:\/\/talleresrina.com\/?s={search_term_string}"},"query-input":"required name=search_term_string"}],"inLanguage":"en-US"},{"@type":"WebPage","@id":"https:\/\/talleresrina.com\/empresa\/","url":"https:\/\/talleresrina.com\/empresa\/","name":"Our company | Rina Soluciones Industriales","isPartOf":{"@id":"https:\/\/talleresrina.com\/#website"},"datePublished":"2018-07-31T08:45:49+00:00","dateModified":"2025-07-15T08:06:34+00:00","breadcrumb":{"@id":"https:\/\/talleresrina.com\/empresa\/#breadcrumb"},"inLanguage":"en-US","potentialAction":[{"@type":"ReadAction","target":["https:\/\/talleresrina.com\/empresa\/"]}]},{"@type":"BreadcrumbList","@id":"https:\/\/talleresrina.com\/empresa\/#breadcrumb","itemListElement":[{"@type":"ListItem","position":1,"name":"Inicio","item":"https:\/\/talleresrina.com\/en\/"},{"@type":"ListItem","position":2,"name":"Our company"}]}]}},"_links":{"self":[{"href":"https:\/\/talleresrina.com\/en\/wp-json\/wp\/v2\/pages\/1556"}],"collection":[{"href":"https:\/\/talleresrina.com\/en\/wp-json\/wp\/v2\/pages"}],"about":[{"href":"https:\/\/talleresrina.com\/en\/wp-json\/wp\/v2\/types\/page"}],"author":[{"embeddable":true,"href":"https:\/\/talleresrina.com\/en\/wp-json\/wp\/v2\/users\/5"}],"replies":[{"embeddable":true,"href":"https:\/\/talleresrina.com\/en\/wp-json\/wp\/v2\/comments?post=1556"}],"version-history":[{"count":9,"href":"https:\/\/talleresrina.com\/en\/wp-json\/wp\/v2\/pages\/1556\/revisions"}],"predecessor-version":[{"id":1739,"href":"https:\/\/talleresrina.com\/en\/wp-json\/wp\/v2\/pages\/1556\/revisions\/1739"}],"wp:attachment":[{"href":"https:\/\/talleresrina.com\/en\/wp-json\/wp\/v2\/media?parent=1556"}],"curies":[{"name":"wp","href":"https:\/\/api.w.org\/{rel}","templated":true}]}}