{"id":1655,"date":"2022-07-27T14:39:51","date_gmt":"2022-07-27T14:39:51","guid":{"rendered":"https:\/\/talleresrina.com\/privacy-policy\/"},"modified":"2025-07-15T08:05:59","modified_gmt":"2025-07-15T08:05:59","slug":"privacy-policy","status":"publish","type":"page","link":"https:\/\/talleresrina.com\/en\/privacy-policy\/","title":{"rendered":"Privacy Policy"},"content":{"rendered":"<p>[vc_row css=&#8221;.vc_custom_1658932558394{padding-top: 83px !important;padding-bottom: 90px !important;}&#8221;][vc_column]\n    <div class=\"wprt-headings style-1 clearfix text-center \">\n        <h2 class=\"heading \" >Privacy Policy<\/h2>\n                    <div class=\"sep clearfix\"><\/div>\n        \n            <\/div>\n        \n[vc_empty_space][vc_column_text]<\/p>\n<p style=\"text-align: justify;\"><strong style=\"text-transform: uppercase;\">Information in compliance with personal data protection regulations<\/strong><\/p>\n<p style=\"text-align: justify;\">In Europe and in Spain there are data protection regulations designed to protect your personal information that are mandatory for our entity.<\/p>\n<p style=\"text-align: justify;\">For this reason, it is very important for us that you fully understand what we are going to do with the personal data that we request.<\/p>\n<p style=\"text-align: justify;\">In this way, we will be transparent and give you control of your data, with simple language and clear options that will allow you to decide what we will do with your personal information.<\/p>\n<p style=\"text-align: justify;\">Please, if you have any questions after reading this information, do not hesitate to ask us.<\/p>\n<p style=\"text-align: justify;\">Thank you very much for your help.<\/p>\n<ul style=\"text-align: justify;\">\n<li><strong>A<\/strong><strong>bout us?<\/strong><\/li>\n<\/ul>\n<p style=\"text-align: justify;\">Our name: <strong>Rina Soluciones Industriales S.L.U.<\/strong><br \/>\nCIF \/ NIF: <strong>B21731765<\/strong><br \/>\nOur main activity: <strong>Repair of machinery<\/strong><br \/>\nOur address: <strong>Pol. Tejer\u00edas Norte, Calle La Ambilla S\/N, 26500 Calahorra<\/strong><br \/>\nOur contact telephone number: <strong><a href=\"tel:+34941145880\">941 145 880<\/a><\/strong><br \/>\nOur contact email address: <strong><a href=\"mailto:taller@talleresrina.com\">taller@talleresrina.com<\/a><\/strong><br \/>\nOur website: <strong><a href=\"https:\/\/talleresrina.com\/en\/\" target=\"_blank\" rel=\"noopener\">talleresrina.com<\/a><\/strong><br \/>\nFor your confidence and security, we inform you that we are an entity registered in the Mercantile Registry of La Rioja, Public Registry: Registered in the Commercial Registry of La Rioja, Section: 8, Page: LO 21259 IRUS: 1000450241962, Registration: 1<\/p>\n<p style=\"text-align: justify;\">We are at your disposal, do not hesitate to contact us.<\/p>\n<ul style=\"text-align: justify;\">\n<li><strong>What are we going to use your data for?<\/strong><\/li>\n<\/ul>\n<p style=\"text-align: justify;\">In general, your personal data will be used to be able to relate to you and to be able to provide you with our services.<\/p>\n<p style=\"text-align: justify;\">Likewise, they can also be used for other activities, such as sending you advertising or promoting our activities.<\/p>\n<ul style=\"text-align: justify;\">\n<li><strong>Why do we need to use your data?<\/strong><\/li>\n<\/ul>\n<p style=\"text-align: justify;\">Your personal data is necessary to be able to relate to you and to be able to provide you with our services. In this sense, we will put at your disposal a series of boxes that will allow you to decide in a clear and simple way about the use of your personal information.<\/p>\n<ul style=\"text-align: justify;\">\n<li><strong>Who will know the information we ask for?<\/strong><\/li>\n<\/ul>\n<p style=\"text-align: justify;\">In general, only the personnel of our entity that is duly authorized may have knowledge of the information that we request.<\/p>\n<p style=\"text-align: justify;\">Similarly, those entities that need to have access to it so that we can provide our services may have knowledge of your personal information. Thus, for example, our bank will know your data if payment for our services is made by card or bank transfer.<\/p>\n<p style=\"text-align: justify;\">Likewise, those public or private entities to which we are obliged to provide your personal data in order to comply with any law will have knowledge of your information. Giving you an example, the Tax Law requires you to provide the Tax Agency with certain information on economic operations that exceed a certain amount.<\/p>\n<p style=\"text-align: justify;\">In the event that, aside from the cases mentioned, we need to disclose your personal information to other entities, we will previously request your permission through clear options that will allow you to decide in this regard.<\/p>\n<ul style=\"text-align: justify;\">\n<li><strong>How are we going to protect your data?<\/strong><\/li>\n<\/ul>\n<p style=\"text-align: justify;\">We will protect your data with effective security measures based on the risks involved in the use of your information.<\/p>\n<p style=\"text-align: justify;\">For this, our entity has approved a Data Protection Policy and annual controls and audits are carried out to verify that your personal data is safe at all times.<\/p>\n<ul style=\"text-align: justify;\">\n<li><strong>Will we send your data to other countries?<\/strong><\/li>\n<\/ul>\n<p style=\"text-align: justify;\">In the world there are countries that are safe for your data and others that are not so safe. Thus, for example, the European Union is a secure environment for your data. Our policy is not to send your personal information to any country that is not safe from the point of view of protecting your data.<\/p>\n<p style=\"text-align: justify;\">In the event that, in order to provide you with the service, it is essential to send your data to a country that is not as safe as Spain, we will always request your permission in advance and apply effective security measures that reduce the risks of sending your information. personnel to another country.<\/p>\n<ul style=\"text-align: justify;\">\n<li><strong>How long will we keep your data?<\/strong><\/li>\n<\/ul>\n<p style=\"text-align: justify;\">We will keep your data during our relationship and as long as we are required by law. Once the applicable legal deadlines have expired, we will proceed to eliminate them in a safe and environmentally friendly way.<\/p>\n<ul style=\"text-align: justify;\">\n<li><strong>What are your data protection rights?<\/strong><\/li>\n<\/ul>\n<p style=\"text-align: justify;\">You can contact us at any time to find out what information we have about you, rectify it if it is incorrect and delete it once our relationship has ended, if this is legally possible.<\/p>\n<p style=\"text-align: justify;\">You also have the right to request the transfer of your information to another entity. This right is called \u201cportability\u201d and may be useful in certain situations.<\/p>\n<p style=\"text-align: justify;\">To request any of these rights, you must make a written request to our address, along with a photocopy of your ID, in order to identify you.<\/p>\n<p style=\"text-align: justify;\">In the offices of our entity we have specific forms to request these rights and we offer our help to fill them out.<\/p>\n<p style=\"text-align: justify;\">To find out more about your data protection rights, you can consult the website of the Spanish Data Protection Agency (<a href=\"http:\/\/www.agpd.es\" target=\"_blank\" rel=\"noopener\">www.agpd.es<\/a>).<\/p>\n<ul style=\"text-align: justify;\">\n<li><strong>Can you withdraw your consent if you change your mind at a later time?<\/strong><\/li>\n<\/ul>\n<p style=\"text-align: justify;\">You can withdraw your consent if you change your mind about the use of your data at any time.<\/p>\n<p style=\"text-align: justify;\">Thus, for example, if you were once interested in receiving advertising for our products or services, but you no longer wish to receive advertising, you can notify us through the opposition to treatment form available at the offices of our entity.<\/p>\n<ul style=\"text-align: justify;\">\n<li><strong>In case you understand that your rights have been disregarded, where can you make a claim?<\/strong><\/li>\n<\/ul>\n<p style=\"text-align: justify;\">In case you understand that your rights have been neglected by our entity, you can file a claim with the Spanish Data Protection Agency, through any of the following means:<\/p>\n<ul style=\"text-align: justify;\">\n<li>electronic office: <a href=\"http:\/\/www.agpd.es\" target=\"_blank\" rel=\"noopener\">www.agpd.es<\/a><\/li>\n<li>Address: C\/ Jorge Juan, 6 28001 Madrid<\/li>\n<li>Via telephone:<\/li>\n<\/ul>\n<p style=\"text-align: justify;\">Telf. <a href=\"tel:+34901100099\">901 100 099<\/a><\/p>\n<p style=\"text-align: justify;\">Telf. <a href=\"tel:+34912663517\">912 66 35 17<\/a><\/p>\n<p style=\"text-align: justify;\">Filing a claim with the Spanish Data Protection Agency does not entail any cost and the assistance of a lawyer or solicitor is not necessary.<\/p>\n<ul style=\"text-align: justify;\">\n<li><strong>Will we create profiles on you?<\/strong><\/li>\n<\/ul>\n<p style=\"text-align: justify;\">Our policy is not to create profiles on the users of our services.<\/p>\n<p style=\"text-align: justify;\">No obstante, pueden existir situaciones en las que, con fines de prestaci\u00f3n del servicio, comerciales o de otro tipo, necesitemos elaborar perfiles de informaci\u00f3n sobre usted. Un ejemplo pudiera ser la utilizaci\u00f3n de su historial de compras o servicios para poder ofrecerle productos o servicios adaptados a sus gustos o necesidades.<\/p>\n<p style=\"text-align: justify;\">In such a case, we will apply effective security measures that protect your information at all times from unauthorized persons who intend to use it for their own benefit.<\/p>\n<p style=\"text-align: justify;\"><strong>Will we use your data for other purposes?<\/strong><\/p>\n<p style=\"text-align: justify;\">Our policy is not to use your data for purposes other than those we have explained to you. If, however, we need to use your data for different activities, we will always request your permission beforehand through clear options that will allow you to decide on the matter.<\/p>\n<p>[\/vc_column_text][\/vc_column][\/vc_row]<\/p>\n","protected":false},"excerpt":{"rendered":"<p>[vc_row css=&#8221;.vc_custom_1658932558394{padding-top: 83px !important;padding-bottom: 90px !important;}&#8221;][vc_column][vc_empty_space][vc_column_text] Information in compliance with personal data protection regulations In Europe and in Spain there are data protection regulations designed to protect your personal information that are mandatory for our entity. For this reason, it is very important for us that you fully understand what we are going to do [&hellip;]<\/p>\n","protected":false},"author":5,"featured_media":0,"parent":0,"menu_order":0,"comment_status":"closed","ping_status":"closed","template":"page-templates\/template-fullwidth.php","meta":[],"yoast_head":"<!-- This site is optimized with the Yoast SEO plugin v19.4 - https:\/\/yoast.com\/wordpress\/plugins\/seo\/ -->\n<title>Privacy Policy | Rina Soluciones Industriales<\/title>\n<meta name=\"robots\" content=\"index, follow, max-snippet:-1, max-image-preview:large, max-video-preview:-1\" \/>\n<link rel=\"canonical\" href=\"https:\/\/talleresrina.com\/en\/privacy-policy\/\" \/>\n<meta property=\"og:locale\" content=\"en_US\" \/>\n<meta property=\"og:type\" content=\"article\" \/>\n<meta property=\"og:title\" content=\"Privacy Policy | Rina Soluciones Industriales\" \/>\n<meta property=\"og:description\" content=\"[vc_row css=&#8221;.vc_custom_1658932558394{padding-top: 83px !important;padding-bottom: 90px !important;}&#8221;][vc_column][vc_empty_space][vc_column_text] Information in compliance with personal data protection regulations In Europe and in Spain there are data protection regulations designed to protect your personal information that are mandatory for our entity. For this reason, it is very important for us that you fully understand what we are going to do [&hellip;]\" \/>\n<meta property=\"og:url\" content=\"https:\/\/talleresrina.com\/en\/privacy-policy\/\" \/>\n<meta property=\"og:site_name\" content=\"Rina Soluciones Industriales\" \/>\n<meta property=\"article:modified_time\" content=\"2025-07-15T08:05:59+00:00\" \/>\n<meta name=\"twitter:card\" content=\"summary_large_image\" \/>\n<meta name=\"twitter:label1\" content=\"Est. reading time\" \/>\n\t<meta name=\"twitter:data1\" content=\"6 minutes\" \/>\n<script type=\"application\/ld+json\" class=\"yoast-schema-graph\">{\"@context\":\"https:\/\/schema.org\",\"@graph\":[{\"@type\":\"Organization\",\"@id\":\"https:\/\/talleresrina.com\/#organization\",\"name\":\"Talleres Rina\",\"url\":\"https:\/\/talleresrina.com\/\",\"sameAs\":[],\"logo\":{\"@type\":\"ImageObject\",\"inLanguage\":\"en-US\",\"@id\":\"https:\/\/talleresrina.com\/#\/schema\/logo\/image\/\",\"url\":\"https:\/\/talleresrina.com\/wp-content\/uploads\/2022\/07\/LOGO-BLANCO.png\",\"contentUrl\":\"https:\/\/talleresrina.com\/wp-content\/uploads\/2022\/07\/LOGO-BLANCO.png\",\"width\":9552,\"height\":2248,\"caption\":\"Talleres Rina\"},\"image\":{\"@id\":\"https:\/\/talleresrina.com\/#\/schema\/logo\/image\/\"}},{\"@type\":\"WebSite\",\"@id\":\"https:\/\/talleresrina.com\/#website\",\"url\":\"https:\/\/talleresrina.com\/\",\"name\":\"Rina Soluciones Industriales\",\"description\":\"Fabricaci\u00f3n, reparaci\u00f3n y mantenimiento de maquinaria industrial\",\"publisher\":{\"@id\":\"https:\/\/talleresrina.com\/#organization\"},\"potentialAction\":[{\"@type\":\"SearchAction\",\"target\":{\"@type\":\"EntryPoint\",\"urlTemplate\":\"https:\/\/talleresrina.com\/?s={search_term_string}\"},\"query-input\":\"required name=search_term_string\"}],\"inLanguage\":\"en-US\"},{\"@type\":\"WebPage\",\"@id\":\"https:\/\/talleresrina.com\/en\/privacy-policy\/\",\"url\":\"https:\/\/talleresrina.com\/en\/privacy-policy\/\",\"name\":\"Privacy Policy | Rina Soluciones Industriales\",\"isPartOf\":{\"@id\":\"https:\/\/talleresrina.com\/#website\"},\"datePublished\":\"2022-07-27T14:39:51+00:00\",\"dateModified\":\"2025-07-15T08:05:59+00:00\",\"breadcrumb\":{\"@id\":\"https:\/\/talleresrina.com\/en\/privacy-policy\/#breadcrumb\"},\"inLanguage\":\"en-US\",\"potentialAction\":[{\"@type\":\"ReadAction\",\"target\":[\"https:\/\/talleresrina.com\/en\/privacy-policy\/\"]}]},{\"@type\":\"BreadcrumbList\",\"@id\":\"https:\/\/talleresrina.com\/en\/privacy-policy\/#breadcrumb\",\"itemListElement\":[{\"@type\":\"ListItem\",\"position\":1,\"name\":\"Inicio\",\"item\":\"https:\/\/talleresrina.com\/en\/\"},{\"@type\":\"ListItem\",\"position\":2,\"name\":\"Privacy Policy\"}]}]}<\/script>\n<!-- \/ Yoast SEO plugin. -->","yoast_head_json":{"title":"Privacy Policy | Rina Soluciones Industriales","robots":{"index":"index","follow":"follow","max-snippet":"max-snippet:-1","max-image-preview":"max-image-preview:large","max-video-preview":"max-video-preview:-1"},"canonical":"https:\/\/talleresrina.com\/en\/privacy-policy\/","og_locale":"en_US","og_type":"article","og_title":"Privacy Policy | Rina Soluciones Industriales","og_description":"[vc_row css=&#8221;.vc_custom_1658932558394{padding-top: 83px !important;padding-bottom: 90px !important;}&#8221;][vc_column][vc_empty_space][vc_column_text] Information in compliance with personal data protection regulations In Europe and in Spain there are data protection regulations designed to protect your personal information that are mandatory for our entity. For this reason, it is very important for us that you fully understand what we are going to do [&hellip;]","og_url":"https:\/\/talleresrina.com\/en\/privacy-policy\/","og_site_name":"Rina Soluciones Industriales","article_modified_time":"2025-07-15T08:05:59+00:00","twitter_card":"summary_large_image","twitter_misc":{"Est. reading time":"6 minutes"},"schema":{"@context":"https:\/\/schema.org","@graph":[{"@type":"Organization","@id":"https:\/\/talleresrina.com\/#organization","name":"Talleres Rina","url":"https:\/\/talleresrina.com\/","sameAs":[],"logo":{"@type":"ImageObject","inLanguage":"en-US","@id":"https:\/\/talleresrina.com\/#\/schema\/logo\/image\/","url":"https:\/\/talleresrina.com\/wp-content\/uploads\/2022\/07\/LOGO-BLANCO.png","contentUrl":"https:\/\/talleresrina.com\/wp-content\/uploads\/2022\/07\/LOGO-BLANCO.png","width":9552,"height":2248,"caption":"Talleres Rina"},"image":{"@id":"https:\/\/talleresrina.com\/#\/schema\/logo\/image\/"}},{"@type":"WebSite","@id":"https:\/\/talleresrina.com\/#website","url":"https:\/\/talleresrina.com\/","name":"Rina Soluciones Industriales","description":"Fabricaci\u00f3n, reparaci\u00f3n y mantenimiento de maquinaria industrial","publisher":{"@id":"https:\/\/talleresrina.com\/#organization"},"potentialAction":[{"@type":"SearchAction","target":{"@type":"EntryPoint","urlTemplate":"https:\/\/talleresrina.com\/?s={search_term_string}"},"query-input":"required name=search_term_string"}],"inLanguage":"en-US"},{"@type":"WebPage","@id":"https:\/\/talleresrina.com\/en\/privacy-policy\/","url":"https:\/\/talleresrina.com\/en\/privacy-policy\/","name":"Privacy Policy | Rina Soluciones Industriales","isPartOf":{"@id":"https:\/\/talleresrina.com\/#website"},"datePublished":"2022-07-27T14:39:51+00:00","dateModified":"2025-07-15T08:05:59+00:00","breadcrumb":{"@id":"https:\/\/talleresrina.com\/en\/privacy-policy\/#breadcrumb"},"inLanguage":"en-US","potentialAction":[{"@type":"ReadAction","target":["https:\/\/talleresrina.com\/en\/privacy-policy\/"]}]},{"@type":"BreadcrumbList","@id":"https:\/\/talleresrina.com\/en\/privacy-policy\/#breadcrumb","itemListElement":[{"@type":"ListItem","position":1,"name":"Inicio","item":"https:\/\/talleresrina.com\/en\/"},{"@type":"ListItem","position":2,"name":"Privacy Policy"}]}]}},"_links":{"self":[{"href":"https:\/\/talleresrina.com\/en\/wp-json\/wp\/v2\/pages\/1655"}],"collection":[{"href":"https:\/\/talleresrina.com\/en\/wp-json\/wp\/v2\/pages"}],"about":[{"href":"https:\/\/talleresrina.com\/en\/wp-json\/wp\/v2\/types\/page"}],"author":[{"embeddable":true,"href":"https:\/\/talleresrina.com\/en\/wp-json\/wp\/v2\/users\/5"}],"replies":[{"embeddable":true,"href":"https:\/\/talleresrina.com\/en\/wp-json\/wp\/v2\/comments?post=1655"}],"version-history":[{"count":5,"href":"https:\/\/talleresrina.com\/en\/wp-json\/wp\/v2\/pages\/1655\/revisions"}],"predecessor-version":[{"id":1737,"href":"https:\/\/talleresrina.com\/en\/wp-json\/wp\/v2\/pages\/1655\/revisions\/1737"}],"wp:attachment":[{"href":"https:\/\/talleresrina.com\/en\/wp-json\/wp\/v2\/media?parent=1655"}],"curies":[{"name":"wp","href":"https:\/\/api.w.org\/{rel}","templated":true}]}}